{"id":92,"date":"2024-05-07T15:04:27","date_gmt":"2024-05-07T13:04:27","guid":{"rendered":"https:\/\/ajaccio-port.cci.corsica\/agenda\/"},"modified":"2024-05-13T15:57:31","modified_gmt":"2024-05-13T13:57:31","slug":"agenda","status":"publish","type":"page","link":"https:\/\/ajaccio-port.cci.corsica\/en\/agenda\/","title":{"rendered":"News"},"content":{"rendered":"\t\t<div data-elementor-type=\"wp-page\" data-elementor-id=\"92\" class=\"elementor elementor-92\" data-elementor-post-type=\"page\">\n\t\t\t\t<div class=\"elementor-element elementor-element-4bc0631f e-flex e-con-boxed e-con e-parent\" data-id=\"4bc0631f\" data-element_type=\"container\">\n\t\t\t\t\t<div class=\"e-con-inner\">\n\t\t\t\t<div class=\"elementor-element elementor-element-303f033 elementor-widget elementor-widget-heading\" data-id=\"303f033\" data-element_type=\"widget\" data-widget_type=\"heading.default\">\n\t\t\t\t<div class=\"elementor-widget-container\">\n\t\t\t\t\t<h1 class=\"elementor-heading-title elementor-size-default\">Actualit\u00e9s<\/h1>\t\t\t\t<\/div>\n\t\t\t\t<\/div>\n\t\t\t\t<div class=\"elementor-element elementor-element-29236d91 elementor-widget__width-initial elementor-widget elementor-widget-text-editor\" data-id=\"29236d91\" data-element_type=\"widget\" data-widget_type=\"text-editor.default\">\n\t\t\t\t<div class=\"elementor-widget-container\">\n\t\t\t\t\t\t\t\t\t<p>Lorem ipsum dolor sit amet, consectetur adipiscing elit. Ut elit tellus, luctus nec ullamcorper mattis, pulvinar dapibus leo.<\/p>\t\t\t\t\t\t\t\t<\/div>\n\t\t\t\t<\/div>\n\t\t\t\t<div class=\"elementor-element elementor-element-d865a73 elementor-grid-3 elementor-grid-tablet-2 elementor-grid-mobile-1 elementor-widget elementor-widget-loop-grid\" data-id=\"d865a73\" data-element_type=\"widget\" data-settings=\"{&quot;template_id&quot;:&quot;71&quot;,&quot;_skin&quot;:&quot;post&quot;,&quot;columns&quot;:&quot;3&quot;,&quot;columns_tablet&quot;:&quot;2&quot;,&quot;columns_mobile&quot;:&quot;1&quot;,&quot;edit_handle_selector&quot;:&quot;[data-elementor-type=\\&quot;loop-item\\&quot;]&quot;,&quot;row_gap&quot;:{&quot;unit&quot;:&quot;px&quot;,&quot;size&quot;:&quot;&quot;,&quot;sizes&quot;:[]},&quot;row_gap_laptop&quot;:{&quot;unit&quot;:&quot;px&quot;,&quot;size&quot;:&quot;&quot;,&quot;sizes&quot;:[]},&quot;row_gap_tablet&quot;:{&quot;unit&quot;:&quot;px&quot;,&quot;size&quot;:&quot;&quot;,&quot;sizes&quot;:[]},&quot;row_gap_mobile&quot;:{&quot;unit&quot;:&quot;px&quot;,&quot;size&quot;:&quot;&quot;,&quot;sizes&quot;:[]}}\" data-widget_type=\"loop-grid.post\">\n\t\t\t\t<div class=\"elementor-widget-container\">\n\t\t\t\t\t\t\t<div class=\"elementor-loop-container elementor-grid\" role=\"list\">\n\t\t<style id=\"loop-71\">.elementor-71 .elementor-element.elementor-element-76c3ff42{--display:flex;--gap:0px 0px;--row-gap:0px;--column-gap:0px;--border-radius:10px 10px 10px 10px;--padding-top:0px;--padding-bottom:0px;--padding-left:0px;--padding-right:0px;}.elementor-71 .elementor-element.elementor-element-76c3ff42:not(.elementor-motion-effects-element-type-background), .elementor-71 .elementor-element.elementor-element-76c3ff42 > .elementor-motion-effects-container > .elementor-motion-effects-layer{background-color:var( --e-global-color-1cc5cd0 );}.elementor-widget-image .widget-image-caption{color:var( --e-global-color-text );font-family:var( --e-global-typography-text-font-family ), Sans-serif;font-size:var( --e-global-typography-text-font-size );font-weight:var( --e-global-typography-text-font-weight );line-height:var( --e-global-typography-text-line-height );}.elementor-71 .elementor-element.elementor-element-18976680 img{border-radius:10px 10px 0px 0px;}.elementor-71 .elementor-element.elementor-element-74082344{--display:flex;--gap:0px 0px;--row-gap:0px;--column-gap:0px;--padding-top:20px;--padding-bottom:30px;--padding-left:30px;--padding-right:30px;}.elementor-widget-post-info .elementor-icon-list-item:not(:last-child):after{border-color:var( --e-global-color-text );}.elementor-widget-post-info .elementor-icon-list-icon i{color:var( --e-global-color-primary );}.elementor-widget-post-info .elementor-icon-list-icon svg{fill:var( --e-global-color-primary );}.elementor-widget-post-info .elementor-icon-list-text, .elementor-widget-post-info .elementor-icon-list-text a{color:var( --e-global-color-secondary );}.elementor-widget-post-info .elementor-icon-list-item{font-family:var( --e-global-typography-text-font-family ), Sans-serif;font-size:var( --e-global-typography-text-font-size );font-weight:var( --e-global-typography-text-font-weight );line-height:var( --e-global-typography-text-line-height );}.elementor-71 .elementor-element.elementor-element-7970e31b .elementor-icon-list-icon{width:14px;}.elementor-71 .elementor-element.elementor-element-7970e31b .elementor-icon-list-icon i{font-size:14px;}.elementor-71 .elementor-element.elementor-element-7970e31b .elementor-icon-list-icon svg{--e-icon-list-icon-size:14px;}.elementor-71 .elementor-element.elementor-element-7970e31b .elementor-icon-list-item{font-family:var( --e-global-typography-2c38d62-font-family ), Sans-serif;font-size:var( --e-global-typography-2c38d62-font-size );font-weight:var( --e-global-typography-2c38d62-font-weight );text-transform:var( --e-global-typography-2c38d62-text-transform );letter-spacing:var( --e-global-typography-2c38d62-letter-spacing );}.elementor-widget-heading .elementor-heading-title{font-family:var( --e-global-typography-primary-font-family ), Sans-serif;font-weight:var( --e-global-typography-primary-font-weight );color:var( --e-global-color-primary );}.elementor-71 .elementor-element.elementor-element-3ea552bc > .elementor-widget-container{margin:0px 0px 10px 0px;}.elementor-71 .elementor-element.elementor-element-3ea552bc .elementor-heading-title{font-family:var( --e-global-typography-a4017c8-font-family ), Sans-serif;font-size:var( --e-global-typography-a4017c8-font-size );font-weight:var( --e-global-typography-a4017c8-font-weight );line-height:var( --e-global-typography-a4017c8-line-height );color:var( --e-global-color-e176e87 );}.elementor-widget-theme-post-excerpt .elementor-widget-container{font-family:var( --e-global-typography-text-font-family ), Sans-serif;font-size:var( --e-global-typography-text-font-size );font-weight:var( --e-global-typography-text-font-weight );line-height:var( --e-global-typography-text-line-height );color:var( --e-global-color-text );}@media(max-width:1480px){.elementor-widget-image .widget-image-caption{font-size:var( --e-global-typography-text-font-size );line-height:var( --e-global-typography-text-line-height );}.elementor-widget-post-info .elementor-icon-list-item{font-size:var( --e-global-typography-text-font-size );line-height:var( --e-global-typography-text-line-height );}.elementor-71 .elementor-element.elementor-element-7970e31b .elementor-icon-list-item{font-size:var( --e-global-typography-2c38d62-font-size );letter-spacing:var( --e-global-typography-2c38d62-letter-spacing );}.elementor-71 .elementor-element.elementor-element-3ea552bc .elementor-heading-title{font-size:var( --e-global-typography-a4017c8-font-size );line-height:var( --e-global-typography-a4017c8-line-height );}.elementor-widget-theme-post-excerpt .elementor-widget-container{font-size:var( --e-global-typography-text-font-size );line-height:var( --e-global-typography-text-line-height );}}@media(max-width:1024px){.elementor-widget-image .widget-image-caption{font-size:var( --e-global-typography-text-font-size );line-height:var( --e-global-typography-text-line-height );}.elementor-widget-post-info .elementor-icon-list-item{font-size:var( --e-global-typography-text-font-size );line-height:var( --e-global-typography-text-line-height );}.elementor-71 .elementor-element.elementor-element-7970e31b .elementor-icon-list-item{font-size:var( --e-global-typography-2c38d62-font-size );letter-spacing:var( --e-global-typography-2c38d62-letter-spacing );}.elementor-71 .elementor-element.elementor-element-3ea552bc .elementor-heading-title{font-size:var( --e-global-typography-a4017c8-font-size );line-height:var( --e-global-typography-a4017c8-line-height );}.elementor-widget-theme-post-excerpt .elementor-widget-container{font-size:var( --e-global-typography-text-font-size );line-height:var( --e-global-typography-text-line-height );}}@media(max-width:767px){.elementor-widget-image .widget-image-caption{font-size:var( --e-global-typography-text-font-size );line-height:var( --e-global-typography-text-line-height );}.elementor-widget-post-info .elementor-icon-list-item{font-size:var( --e-global-typography-text-font-size );line-height:var( --e-global-typography-text-line-height );}.elementor-71 .elementor-element.elementor-element-7970e31b .elementor-icon-list-item{font-size:var( --e-global-typography-2c38d62-font-size );letter-spacing:var( --e-global-typography-2c38d62-letter-spacing );}.elementor-71 .elementor-element.elementor-element-3ea552bc .elementor-heading-title{font-size:var( --e-global-typography-a4017c8-font-size );line-height:var( --e-global-typography-a4017c8-line-height );}.elementor-widget-theme-post-excerpt .elementor-widget-container{font-size:var( --e-global-typography-text-font-size );line-height:var( --e-global-typography-text-line-height );}}<\/style>\t\t<div data-elementor-type=\"loop-item\" data-elementor-id=\"71\" class=\"elementor elementor-71 e-loop-item e-loop-item-1711 post-1711 post type-post status-publish format-standard hentry category-flash-info\" data-elementor-post-type=\"elementor_library\" data-custom-edit-handle=\"1\">\n\t\t\t<a class=\"elementor-element elementor-element-76c3ff42 e-flex e-con-boxed e-con e-child\" data-id=\"76c3ff42\" data-element_type=\"container\" data-settings=\"{&quot;background_background&quot;:&quot;classic&quot;}\" href=\"https:\/\/ajaccio-port.cci.corsica\/en\/saison-2025-moby-lines-genes-porto-torres\/\">\n\t\t\t\t\t<div class=\"e-con-inner\">\n\t\t<div class=\"elementor-element elementor-element-74082344 e-flex e-con-boxed e-con e-child\" data-id=\"74082344\" data-element_type=\"container\">\n\t\t\t\t\t<div class=\"e-con-inner\">\n\t\t\t\t<div class=\"elementor-element elementor-element-7970e31b elementor-widget elementor-widget-post-info\" data-id=\"7970e31b\" data-element_type=\"widget\" data-widget_type=\"post-info.default\">\n\t\t\t\t<div class=\"elementor-widget-container\">\n\t\t\t\t\t\t\t<ul class=\"elementor-inline-items elementor-icon-list-items elementor-post-info\">\n\t\t\t\t\t\t\t\t<li class=\"elementor-icon-list-item elementor-repeater-item-9cd8074 elementor-inline-item\" itemprop=\"about\">\n\t\t\t\t\t\t\t\t\t\t\t\t\t<span class=\"elementor-icon-list-text elementor-post-info__item elementor-post-info__item--type-terms\">\n\t\t\t\t\t\t\t\t\t\t<span class=\"elementor-post-info__terms-list\">\n\t\t\t\t<span class=\"elementor-post-info__terms-list-item\">Flash info<\/span>\t\t\t\t<\/span>\n\t\t\t\t\t<\/span>\n\t\t\t\t\t\t\t\t<\/li>\n\t\t\t\t<\/ul>\n\t\t\t\t\t\t<\/div>\n\t\t\t\t<\/div>\n\t\t\t\t<div class=\"elementor-element elementor-element-3ea552bc elementor-widget elementor-widget-heading\" data-id=\"3ea552bc\" data-element_type=\"widget\" data-widget_type=\"heading.default\">\n\t\t\t\t<div class=\"elementor-widget-container\">\n\t\t\t\t\t<h3 class=\"elementor-heading-title elementor-size-default\">SAISON 2025 : Poursuites des lignes de la MOBY LINES vers G\u00eanes et Porto Torres<\/h3>\t\t\t\t<\/div>\n\t\t\t\t<\/div>\n\t\t\t\t\t<\/div>\n\t\t\t\t<\/div>\n\t\t\t\t\t<\/div>\n\t\t\t\t<\/a>\n\t\t\t\t<\/div>\n\t\t\t\t<div data-elementor-type=\"loop-item\" data-elementor-id=\"71\" class=\"elementor elementor-71 e-loop-item e-loop-item-533 post-533 post type-post status-publish format-standard has-post-thumbnail hentry category-divers\" data-elementor-post-type=\"elementor_library\" data-custom-edit-handle=\"1\">\n\t\t\t<a class=\"elementor-element elementor-element-76c3ff42 e-flex e-con-boxed e-con e-child\" data-id=\"76c3ff42\" data-element_type=\"container\" data-settings=\"{&quot;background_background&quot;:&quot;classic&quot;}\" href=\"https:\/\/ajaccio-port.cci.corsica\/en\/programmation-mobylines\/\">\n\t\t\t\t\t<div class=\"e-con-inner\">\n\t\t\t\t<div class=\"elementor-element elementor-element-18976680 elementor-widget elementor-widget-image\" data-id=\"18976680\" data-element_type=\"widget\" data-widget_type=\"image.default\">\n\t\t\t\t<div class=\"elementor-widget-container\">\n\t\t\t\t\t\t\t\t\t\t\t\t\t\t\t<img fetchpriority=\"high\" decoding=\"async\" width=\"600\" height=\"600\" src=\"https:\/\/ajaccio-port.cci.corsica\/wp-content\/uploads\/sites\/8\/2024\/06\/moby-line.jpg\" class=\"attachment-large size-large wp-image-321\" alt=\"Logo de la Moby Line\" srcset=\"https:\/\/ajaccio-port.cci.corsica\/wp-content\/uploads\/sites\/8\/2024\/06\/moby-line.jpg 600w, https:\/\/ajaccio-port.cci.corsica\/wp-content\/uploads\/sites\/8\/2024\/06\/moby-line-300x300.jpg 300w, https:\/\/ajaccio-port.cci.corsica\/wp-content\/uploads\/sites\/8\/2024\/06\/moby-line-150x150.jpg 150w, https:\/\/ajaccio-port.cci.corsica\/wp-content\/uploads\/sites\/8\/2024\/06\/moby-line-12x12.jpg 12w\" sizes=\"(max-width: 600px) 100vw, 600px\" \/>\t\t\t\t\t\t\t\t\t\t\t\t\t\t\t<\/div>\n\t\t\t\t<\/div>\n\t\t<div class=\"elementor-element elementor-element-74082344 e-flex e-con-boxed e-con e-child\" data-id=\"74082344\" data-element_type=\"container\">\n\t\t\t\t\t<div class=\"e-con-inner\">\n\t\t\t\t<div class=\"elementor-element elementor-element-7970e31b elementor-widget elementor-widget-post-info\" data-id=\"7970e31b\" data-element_type=\"widget\" data-widget_type=\"post-info.default\">\n\t\t\t\t<div class=\"elementor-widget-container\">\n\t\t\t\t\t\t\t<ul class=\"elementor-inline-items elementor-icon-list-items elementor-post-info\">\n\t\t\t\t\t\t\t\t<li class=\"elementor-icon-list-item elementor-repeater-item-9cd8074 elementor-inline-item\" itemprop=\"about\">\n\t\t\t\t\t\t\t\t\t\t\t\t\t<span class=\"elementor-icon-list-text elementor-post-info__item elementor-post-info__item--type-terms\">\n\t\t\t\t\t\t\t\t\t\t<span class=\"elementor-post-info__terms-list\">\n\t\t\t\t<span class=\"elementor-post-info__terms-list-item\">Divers<\/span>\t\t\t\t<\/span>\n\t\t\t\t\t<\/span>\n\t\t\t\t\t\t\t\t<\/li>\n\t\t\t\t<\/ul>\n\t\t\t\t\t\t<\/div>\n\t\t\t\t<\/div>\n\t\t\t\t<div class=\"elementor-element elementor-element-3ea552bc elementor-widget elementor-widget-heading\" data-id=\"3ea552bc\" data-element_type=\"widget\" data-widget_type=\"heading.default\">\n\t\t\t\t<div class=\"elementor-widget-container\">\n\t\t\t\t\t<h3 class=\"elementor-heading-title elementor-size-default\">SAISON 2024 : Nouvelles lignes avec MOBY LINES<\/h3>\t\t\t\t<\/div>\n\t\t\t\t<\/div>\n\t\t\t\t<div class=\"elementor-element elementor-element-7f954137 elementor-widget elementor-widget-theme-post-excerpt\" data-id=\"7f954137\" data-element_type=\"widget\" data-widget_type=\"theme-post-excerpt.default\">\n\t\t\t\t<div class=\"elementor-widget-container\">\n\t\t\t\t\t\u00c0 partir du 5 juin jusqu'\u00e0 fin septembre une triangulaire entre l'Italie (G\u00e8nes) et la Sardaigne (Porto Torres) jusqu'\u00e0 3 fois par semaine !\t\t\t\t<\/div>\n\t\t\t\t<\/div>\n\t\t\t\t\t<\/div>\n\t\t\t\t<\/div>\n\t\t\t\t\t<\/div>\n\t\t\t\t<\/a>\n\t\t\t\t<\/div>\n\t\t\t\t<\/div>\n\t\t\n\t\t\t\t\t\t<\/div>\n\t\t\t\t<\/div>\n\t\t\t\t<div class=\"elementor-element elementor-element-5ce82630 elementor-grid-3 elementor-grid-tablet-2 elementor-grid-mobile-1 elementor-widget elementor-widget-loop-grid\" data-id=\"5ce82630\" data-element_type=\"widget\" data-settings=\"{&quot;template_id&quot;:&quot;818&quot;,&quot;pagination_type&quot;:&quot;load_more_on_click&quot;,&quot;_skin&quot;:&quot;post&quot;,&quot;columns&quot;:&quot;3&quot;,&quot;columns_tablet&quot;:&quot;2&quot;,&quot;columns_mobile&quot;:&quot;1&quot;,&quot;edit_handle_selector&quot;:&quot;[data-elementor-type=\\&quot;loop-item\\&quot;]&quot;,&quot;load_more_spinner&quot;:{&quot;value&quot;:&quot;fas fa-spinner&quot;,&quot;library&quot;:&quot;fa-solid&quot;},&quot;row_gap&quot;:{&quot;unit&quot;:&quot;px&quot;,&quot;size&quot;:&quot;&quot;,&quot;sizes&quot;:[]},&quot;row_gap_laptop&quot;:{&quot;unit&quot;:&quot;px&quot;,&quot;size&quot;:&quot;&quot;,&quot;sizes&quot;:[]},&quot;row_gap_tablet&quot;:{&quot;unit&quot;:&quot;px&quot;,&quot;size&quot;:&quot;&quot;,&quot;sizes&quot;:[]},&quot;row_gap_mobile&quot;:{&quot;unit&quot;:&quot;px&quot;,&quot;size&quot;:&quot;&quot;,&quot;sizes&quot;:[]}}\" data-widget_type=\"loop-grid.post\">\n\t\t\t\t<div class=\"elementor-widget-container\">\n\t\t\t\t\t\t\t<div class=\"e-loop-nothing-found-message\">\n\t\t<\/div>\n\t\t\t\t\t\t<\/div>\n\t\t\t\t<\/div>\n\t\t\t\t\t<\/div>\n\t\t\t\t<\/div>\n\t\t\t\t<\/div>\n\t\t","protected":false},"excerpt":{"rendered":"<p>News Lorem ipsum dolor sit amet, consectetur adipiscing elit. Ut elit tellus, luctus nec ullamcorper mattis, pulvinar dapibus leo.<\/p>","protected":false},"author":1,"featured_media":0,"parent":0,"menu_order":0,"comment_status":"closed","ping_status":"closed","template":"","meta":{"_acf_changed":false,"_seopress_robots_primary_cat":"","_seopress_titles_title":"","_seopress_titles_desc":"","_seopress_robots_index":"","footnotes":""},"type-de-page":[],"class_list":["post-92","page","type-page","status-publish","hentry"],"acf":[],"_links":{"self":[{"href":"https:\/\/ajaccio-port.cci.corsica\/en\/wp-json\/wp\/v2\/pages\/92","targetHints":{"allow":["GET"]}}],"collection":[{"href":"https:\/\/ajaccio-port.cci.corsica\/en\/wp-json\/wp\/v2\/pages"}],"about":[{"href":"https:\/\/ajaccio-port.cci.corsica\/en\/wp-json\/wp\/v2\/types\/page"}],"author":[{"embeddable":true,"href":"https:\/\/ajaccio-port.cci.corsica\/en\/wp-json\/wp\/v2\/users\/1"}],"replies":[{"embeddable":true,"href":"https:\/\/ajaccio-port.cci.corsica\/en\/wp-json\/wp\/v2\/comments?post=92"}],"version-history":[{"count":8,"href":"https:\/\/ajaccio-port.cci.corsica\/en\/wp-json\/wp\/v2\/pages\/92\/revisions"}],"predecessor-version":[{"id":206,"href":"https:\/\/ajaccio-port.cci.corsica\/en\/wp-json\/wp\/v2\/pages\/92\/revisions\/206"}],"wp:attachment":[{"href":"https:\/\/ajaccio-port.cci.corsica\/en\/wp-json\/wp\/v2\/media?parent=92"}],"wp:term":[{"taxonomy":"type-de-page","embeddable":true,"href":"https:\/\/ajaccio-port.cci.corsica\/en\/wp-json\/wp\/v2\/type-de-page?post=92"}],"curies":[{"name":"wp","href":"https:\/\/api.w.org\/{rel}","templated":true}]}}